{"id":92,"date":"2019-06-21T13:55:18","date_gmt":"2019-06-21T12:55:18","guid":{"rendered":"https:\/\/skbit.pl\/?page_id=92"},"modified":"2019-06-21T14:03:58","modified_gmt":"2019-06-21T13:03:58","slug":"cookie-policy","status":"publish","type":"page","link":"https:\/\/skbit.pl\/index.php\/cookie-policy\/","title":{"rendered":"Polityka Cookie"},"content":{"rendered":"<div class=\"cli_pg_page_contaner\">\n<h3>O polityce plik\u00f3w cookie<\/h3>\n<div>\n<p>Polityka Cookie wyja\u015bnia, czym s\u0105 pliki cookie i jak z nich korzystamy. Nale\u017cy zapozna\u0107 si\u0119 z niniejsz\u0105 polityk\u0105, aby zrozumie\u0107, jakie s\u0105 pliki cookie, w jaki spos\u00f3b je wykorzystujemy, rodzaje u\u017cywanych przez nas plik\u00f3w cookie, tj. Informacje, kt\u00f3re gromadzimy przy u\u017cyciu plik\u00f3w cookie oraz w jaki spos\u00f3b informacje te s\u0105 wykorzystywane i jak kontrolowa\u0107 preferencje dotycz\u0105ce plik\u00f3w cookie. Wi\u0119cej informacji na temat sposobu, w jaki u\u017cywamy, przechowujemy i przechowujemy Twoje dane osobowe, znajdziesz w naszej Polityce prywatno\u015bci.<\/p>\n<p>W ka\u017cdej chwili mo\u017cesz zmieni\u0107 lub wycofa\u0107 swoj\u0105 zgod\u0119 z Deklaracji dotycz\u0105cej plik\u00f3w cookie na naszej stronie internetowej.<\/p>\n<p>Dowiedz si\u0119 wi\u0119cej o tym, kim jeste\u015bmy, jak mo\u017cesz si\u0119 z nami skontaktowa\u0107 i jak przetwarzamy dane osobowe w naszej Polityce prywatno\u015bci.<\/p>\n<p>Twoja zgoda dotyczy nast\u0119puj\u0105cych domen:<\/p>\n<p><a style=\"font-size: inherit;\" href=\"https:\/\/skbit.pl\">skbit.pl<\/a><\/p>\n<div class=\"cli_user_consent_state\">Your current state: No consent given. <a class=\"cli_manage_current_consent\" style=\"cursor:pointer;text-decoration:underline;\">Manage your consent.<\/a> <\/div>\n<\/div>\n<h3>Czym s\u0105 pliki cookie?<\/h3>\n<div>\n<p>Pliki cookie to ma\u0142e pliki tekstowe, kt\u00f3re s\u0105 u\u017cywane do przechowywania ma\u0142ych informacji. Pliki cookie s\u0105 przechowywane na Twoim urz\u0105dzeniu, gdy strona jest \u0142adowana w przegl\u0105darce. Te pliki cookie pomagaj\u0105 nam w poprawnym funkcjonowaniu witryny, zwi\u0119kszaj\u0105 bezpiecze\u0144stwo witryny, zapewniaj\u0105 lepsze wra\u017cenia u\u017cytkownika i rozumiej\u0105 spos\u00f3b dzia\u0142ania witryny oraz analizuj\u0105, co dzia\u0142a i gdzie wymaga poprawy.<\/p>\n<\/div>\n<h3>Jak u\u017cywamy plik\u00f3w cookie?<\/h3>\n<div>\n<p>Jak wi\u0119kszo\u015b\u0107 us\u0142ug online, nasza strona internetowa wykorzystuje pliki cookie pierwszej i trzeciej strony do wielu cel\u00f3w. Pierwsze pliki cookie s\u0105 w wi\u0119kszo\u015bci przypadk\u00f3w niezb\u0119dne do prawid\u0142owego dzia\u0142ania witryny i nie gromadz\u0105 \u017cadnych danych osobowych.<\/p>\n<p>Pliki cookie stron trzecich u\u017cywane na naszych stronach internetowych s\u0142u\u017c\u0105 g\u0142\u00f3wnie do zrozumienia, jak dzia\u0142a strona internetowa, w jaki spos\u00f3b korzystasz z naszej strony internetowej, utrzymywania naszych us\u0142ug w bezpiecznym miejscu, dostarczania reklam odpowiednich dla Ciebie, a tym samym do lepszego i ulepszonego do\u015bwiadczenie u\u017cytkownika i przyspieszenie przysz\u0142ych interakcji z nasz\u0105 stron\u0105 internetow\u0105.<\/p>\n<p>Z jakich rodzaj\u00f3w plik\u00f3w cookie korzystamy?<\/p>\n<p>Niezb\u0119dne: niekt\u00f3re pliki cookie s\u0105 niezb\u0119dne, aby m\u00f3c korzysta\u0107 z pe\u0142nej funkcjonalno\u015bci naszej strony. Pozwalaj\u0105 nam utrzymywa\u0107 sesje u\u017cytkownik\u00f3w i zapobiega\u0107 zagro\u017ceniom bezpiecze\u0144stwa. Nie gromadz\u0105 ani nie przechowuj\u0105 \u017cadnych danych osobowych. Na przyk\u0142ad te pliki cookie umo\u017cliwiaj\u0105 logowanie si\u0119 do konta i bezpieczne dodawanie produkt\u00f3w do koszyka.<\/p>\n<p>Statystyki: Te pliki cookie przechowuj\u0105 informacje, takie jak liczba odwiedzaj\u0105cych witryn\u0119, liczba unikalnych u\u017cytkownik\u00f3w, kt\u00f3re strony witryny zosta\u0142y odwiedzone, \u017ar\u00f3d\u0142o wizyty itp. Dane te pomagaj\u0105 nam zrozumie\u0107 i przeanalizowa\u0107, jak dobrze witryna dzia\u0142a i gdzie wymaga poprawy.<\/p>\n<p>Marketing: Nasza strona internetowa wy\u015bwietla reklamy. Te pliki cookie s\u0142u\u017c\u0105 do personalizacji reklam, kt\u00f3re pokazujemy, aby by\u0142y dla Ciebie znacz\u0105ce. Te pliki cookie pomagaj\u0105 nam r\u00f3wnie\u017c \u015bledzi\u0107 skuteczno\u015b\u0107 tych kampanii reklamowych.<\/p>\n<p>Informacje przechowywane w tych plikach cookie mog\u0105 by\u0107 r\u00f3wnie\u017c wykorzystywane przez zewn\u0119trznych dostawc\u00f3w reklam do wy\u015bwietlania reklam w innych witrynach w przegl\u0105darce.<\/p>\n<p>Funkcjonalne: s\u0105 to pliki cookie, kt\u00f3re pomagaj\u0105 w niekt\u00f3rych nieistotnych funkcjach na naszej stronie internetowej. Funkcje te obejmuj\u0105 umieszczanie tre\u015bci takich jak filmy lub udost\u0119pnianie tre\u015bci na stronie internetowej na platformach medi\u00f3w spo\u0142eczno\u015bciowych.<\/p>\n<p>Preferencje: Te pliki cookie pomagaj\u0105 nam przechowywa\u0107 ustawienia i preferencje przegl\u0105dania, takie jak preferencje j\u0119zykowe, dzi\u0119ki czemu masz lepsze i wydajniejsze do\u015bwiadczenie podczas przysz\u0142ych wizyt na stronie.<\/p>\n<\/div>\n<div>\n\n<\/div>\n<h3>Jak mog\u0119 kontrolowa\u0107 preferencje dotycz\u0105ce plik\u00f3w cookie?<\/h3>\n<div>\n<p>Je\u015bli p\u00f3\u017aniej zdecydujesz si\u0119 zmieni\u0107 swoje preferencje podczas sesji przegl\u0105dania, mo\u017cesz klikn\u0105\u0107 kart\u0119 \u201ePolityka prywatno\u015bci i plik\u00f3w cookie\u201d na ekranie. Spowoduje to ponowne wy\u015bwietlenie powiadomienia o zezwoleniu, umo\u017cliwiaj\u0105cego zmian\u0119 preferencji lub ca\u0142kowite wycofanie zgody.<\/p>\n<p>Ponadto r\u00f3\u017cne przegl\u0105darki udost\u0119pniaj\u0105 r\u00f3\u017cne metody blokowania i usuwania plik\u00f3w cookie u\u017cywanych przez strony internetowe. Mo\u017cesz zmieni\u0107 ustawienia przegl\u0105darki, aby blokowa\u0107 \/ usuwa\u0107 pliki cookie. Aby dowiedzie\u0107 si\u0119 wi\u0119cej na temat zarz\u0105dzania plikami cookie i ich usuwania, odwied\u017a stron\u0119 wikipedia.org, www.allaboutcookies.org.<\/p>\n<\/div>\n<\/div>\n","protected":false},"excerpt":{"rendered":"<p>O polityce plik\u00f3w cookie Polityka Cookie wyja\u015bnia, czym s\u0105 pliki cookie i jak z nich korzystamy. Nale\u017cy zapozna\u0107 si\u0119 z niniejsz\u0105 polityk\u0105, aby zrozumie\u0107, jakie s\u0105 pliki cookie, w jaki spos\u00f3b je wykorzystujemy, rodzaje u\u017cywanych przez nas plik\u00f3w cookie, tj. Informacje, kt\u00f3re gromadzimy przy u\u017cyciu plik\u00f3w cookie oraz w jaki spos\u00f3b informacje te s\u0105 wykorzystywane [&hellip;]<\/p>\n","protected":false},"author":2,"featured_media":0,"parent":0,"menu_order":0,"comment_status":"closed","ping_status":"closed","template":"","meta":{"footnotes":""},"class_list":["post-92","page","type-page","status-publish","hentry"],"jetpack_sharing_enabled":true,"amp_enabled":true,"_links":{"self":[{"href":"https:\/\/skbit.pl\/index.php\/wp-json\/wp\/v2\/pages\/92","targetHints":{"allow":["GET"]}}],"collection":[{"href":"https:\/\/skbit.pl\/index.php\/wp-json\/wp\/v2\/pages"}],"about":[{"href":"https:\/\/skbit.pl\/index.php\/wp-json\/wp\/v2\/types\/page"}],"author":[{"embeddable":true,"href":"https:\/\/skbit.pl\/index.php\/wp-json\/wp\/v2\/users\/2"}],"replies":[{"embeddable":true,"href":"https:\/\/skbit.pl\/index.php\/wp-json\/wp\/v2\/comments?post=92"}],"version-history":[{"count":9,"href":"https:\/\/skbit.pl\/index.php\/wp-json\/wp\/v2\/pages\/92\/revisions"}],"predecessor-version":[{"id":102,"href":"https:\/\/skbit.pl\/index.php\/wp-json\/wp\/v2\/pages\/92\/revisions\/102"}],"wp:attachment":[{"href":"https:\/\/skbit.pl\/index.php\/wp-json\/wp\/v2\/media?parent=92"}],"curies":[{"name":"wp","href":"https:\/\/api.w.org\/{rel}","templated":true}]}}