{"id":21,"date":"2019-06-20T20:13:55","date_gmt":"2019-06-20T19:13:55","guid":{"rendered":"https:\/\/skbit.pl\/?page_id=21"},"modified":"2019-06-20T20:21:37","modified_gmt":"2019-06-20T19:21:37","slug":"sieci-lan-wlan","status":"publish","type":"page","link":"https:\/\/skbit.pl\/index.php\/sieci-lan-wlan\/","title":{"rendered":"SIECI LAN, WLAN"},"content":{"rendered":"\n<p><strong>Administracja i serwis sieci<\/strong><br> Administrujemy sieciami niezale\u017cnie od wielko\u015bci i topologii. Mo\u017cemy przej\u0105\u0107 odpowiedzialno\u015b\u0107 nad prawid\u0142owym dzia\u0142aniem sieci w Pa\u0144stwa firmie. Zapewnimy sprawne dzia\u0142anie poszczeg\u00f3lnych urz\u0105dze\u0144 sieciowych m.in. switchy, router\u00f3w, bramek VOIP, serwer\u00f3w lub poszczeg\u00f3lnych us\u0142ug na serwerze. Urz\u0105dzenia mo\u017cemy monitorowa\u0107 zdalnie lub w siedzibie klienta w ramach umowy serwisowej. Administracja sieci przewodowych i bezprzewodowych Diagnoza stabilno\u015bci i obci\u0105\u017cenia sieci Rozwi\u0105zywanie problem\u00f3w zwi\u0105zanych z nieprawid\u0142owym dzia\u0142aniem sieci komputerowych Zapewniamy wsparcie techniczne dla u\u017cytkownik\u00f3w pracuj\u0105cych w sieci Mo\u017cliwo\u015b\u0107 zdalnego monitoringu i administracji urz\u0105dze\u0144 sieciowych Rozwi\u0105zywanie problem\u00f3w z dost\u0119pem do internetu w sieciach firmowych<\/p>\n\n\n\n<hr class=\"wp-block-separator\"\/>\n\n\n\n<p><strong>Projektowanie sieci LAN i WLAN<\/strong><br> Nasza oferta obejmuje kompleksowy projekt sieci przewodowej lub bezprzewodowej, od papierowego projektu do gotowego rozwi\u0105zania. W razie konieczno\u015bci rozbudujemy r\u00f3wnie\u017c istniej\u0105c\u0105 sie\u0107. Planowanie i projekt sieci przewodowych i bezprzewodowych Analiza potrzeb i dob\u00f3r odpowiedniego sprz\u0119tu sieciowego Zabezpieczanie sieci Konfiguracja dost\u0119pu do Internetu Rozbudowa istniej\u0105cej sieci<\/p>\n\n\n\n<hr class=\"wp-block-separator\"\/>\n\n\n\n<p><strong>Sprzeda\u017c podzespo\u0142\u00f3w do budowy sieci<\/strong><br> Nasza oferta obejmuje r\u00f3wnie\u017c sprzeda\u017c podzespo\u0142\u00f3w do budowy sieci. Wsp\u00f3\u0142praca z najwi\u0119kszymi dystrybutorami w Polsce pozwala oferowa\u0107 sprz\u0119t renomowanych marek po bardzo atrakcyjnych cenach. Sieci bezprzewodowe (Routery, Access Pointy, Anteny) Bramki VOIP Prze\u0142\u0105czniki i koncentratory Routery Karty i adaptery sieciowe Szafy rakowe i akcesoria Kable, gniazdka, wtyczki Prze\u0142\u0105czniki KVM Sieciowe pami\u0119ci masowe<\/p>\n","protected":false},"excerpt":{"rendered":"<p>Administracja i serwis sieci Administrujemy sieciami niezale\u017cnie od wielko\u015bci i topologii. Mo\u017cemy przej\u0105\u0107 odpowiedzialno\u015b\u0107 nad prawid\u0142owym dzia\u0142aniem sieci w Pa\u0144stwa firmie. Zapewnimy sprawne dzia\u0142anie poszczeg\u00f3lnych urz\u0105dze\u0144 sieciowych m.in. switchy, router\u00f3w, bramek VOIP, serwer\u00f3w lub poszczeg\u00f3lnych us\u0142ug na serwerze. Urz\u0105dzenia mo\u017cemy monitorowa\u0107 zdalnie lub w siedzibie klienta w ramach umowy serwisowej. Administracja sieci przewodowych i bezprzewodowych [&hellip;]<\/p>\n","protected":false},"author":2,"featured_media":0,"parent":0,"menu_order":0,"comment_status":"closed","ping_status":"closed","template":"page-template\/page-with-left-sidebar.php","meta":{"footnotes":""},"class_list":["post-21","page","type-page","status-publish","hentry"],"jetpack_sharing_enabled":true,"amp_enabled":false,"_links":{"self":[{"href":"https:\/\/skbit.pl\/index.php\/wp-json\/wp\/v2\/pages\/21","targetHints":{"allow":["GET"]}}],"collection":[{"href":"https:\/\/skbit.pl\/index.php\/wp-json\/wp\/v2\/pages"}],"about":[{"href":"https:\/\/skbit.pl\/index.php\/wp-json\/wp\/v2\/types\/page"}],"author":[{"embeddable":true,"href":"https:\/\/skbit.pl\/index.php\/wp-json\/wp\/v2\/users\/2"}],"replies":[{"embeddable":true,"href":"https:\/\/skbit.pl\/index.php\/wp-json\/wp\/v2\/comments?post=21"}],"version-history":[{"count":1,"href":"https:\/\/skbit.pl\/index.php\/wp-json\/wp\/v2\/pages\/21\/revisions"}],"predecessor-version":[{"id":22,"href":"https:\/\/skbit.pl\/index.php\/wp-json\/wp\/v2\/pages\/21\/revisions\/22"}],"wp:attachment":[{"href":"https:\/\/skbit.pl\/index.php\/wp-json\/wp\/v2\/media?parent=21"}],"curies":[{"name":"wp","href":"https:\/\/api.w.org\/{rel}","templated":true}]}}