{"id":2,"date":"2019-06-20T09:21:49","date_gmt":"2019-06-20T08:21:49","guid":{"rendered":"https:\/\/skbit.pl\/?page_id=2"},"modified":"2019-06-21T16:00:29","modified_gmt":"2019-06-21T15:00:29","slug":"sample-page","status":"publish","type":"page","link":"https:\/\/skbit.pl\/","title":{"rendered":"Firma SKbit Sebastian Miernik"},"content":{"rendered":"\n<p><strong>Wsparcie informatyczne dla Ciebie i Twoich pracownik\u00f3w<\/strong>\u00a0&#8211; Szybko, tanio i profesjonalnie.  Bardzo szeroki zakres us\u0142ug &#8211; od drobnych usterek do du\u017cych projekt\u00f3w rozwi\u0105za\u0144 informatycznych. Celem naszej firmy jest wspieranie i pomoc u\u017cytkownikom w ich codziennych problemach zwi\u0105zanych z infrastruktur\u0105 informatyczn\u0105 oraz zapewnieniu sprawnego jej funkcjonowania. <\/p>\n\n\n\n<p><strong>Zakres:<\/strong> <br> Sta\u0142a oraz dora\u017ana obs\u0142uga informatyczna, outsourcing IT <br> Projektowanie i wdra\u017canie rozwi\u0105za\u0144 informatycznych<br> Rozwi\u0105zywanie problem\u00f3w z komputerami, sieci\u0105 i oprogramowaniem<br> Serwis sprz\u0119tu informatycznego i oprogramowania <br> Doradztwo informatyczne <br> Pogotowie informatyczne <br><\/p>\n\n\n\n<p><strong>Forma dzia\u0142alno\u015bci:<\/strong><br> Rozwi\u0105zywanie problem\u00f3w w mo\u017cliwie jak najkr\u00f3tszym czasie. <br> Profesjonalna pomoc specjalist\u00f3w w nag\u0142ych wypadkach. <br> Pomoc w rozwi\u0105zaniu problemu, je\u017celi to nie le\u017cy w naszych kompetencjach. <\/p>\n\n\n\n<p><strong>Forma wsp\u00f3\u0142pracy:<\/strong><br> Dora\u017ane us\u0142ugi informatyczne &#8211; zamawiane on-line, poczt\u0105 email lub telefonicznie. <br> Us\u0142uga wykonana u klienta. &#8211; (Dojazd do klienta w promieniu 10 km od Skar\u017cyska-Kamiennej jest bezp\u0142atny.) <br> Pakiety us\u0142ug informatycznych &#8211; (Jest to wygodna forma zakupu naszych us\u0142ug w bardzo atrakcyjnej cenie.) <\/p>\n\n\n\n<p><strong>Jak z nami wsp\u00f3\u0142pracowa\u0107?<\/strong><br> <strong>Umowy serwisowe<\/strong>\u00a0&#8211; us\u0142ugi \u015bwiadczone na podstawie um\u00f3w o wsp\u00f3\u0142prace. Sta\u0142a miesi\u0119czna op\u0142ata oraz gwarantowany czas reakcji przyjazdu serwisanta. <\/p>\n\n\n\n<p><strong>Forma \u015bwiadczenia us\u0142ug informatycznych:<\/strong><br> <strong>Telefonicznie<\/strong>\u00a0&#8211; wi\u0119kszo\u015b\u0107 drobnych usterek nie wymaga wizyty serwisanta, aby rozwi\u0105za\u0144 problem wystarczy rozmowa telefoniczna. Bardzo dobra znajomo\u015b\u0107 system\u00f3w informatycznych oraz odpowiednie poinstruowanie u\u017cytkownika wystarczy aby rozwi\u0105za\u0144 problem. <br> <strong>Zdalnie<\/strong>\u00a0&#8211; przy wykorzystaniu funkcji systemu operacyjnego lub odpowiedniego oprogramowania, istnieje mo\u017cliwo\u015b\u0107 po\u0142\u0105czenia si\u0119 z komputerem (lub serwerem). Po\u0142\u0105czenie realizowane jest poprzez z Internet, a bezpiecze\u0144stwo przesy\u0142anych informacji zapewnia silne szyfrowanie. <br> <strong>Osobi\u015bcie u klienta<\/strong>\u00a0&#8211; gdy nie jest mo\u017cliwe rozwi\u0105zanie problemu przez telefon lub zdalnie, zapewniamy szybkie dotarcie do siedziby klienta. Czasy reakcji zapewniamy w umowie i dostosowujemy \u015bci\u015ble wed\u0142ug potrzeb klienta. Naszych klient\u00f3w odwiedzamy tak\u017ce, regularnie w ustalonych wcze\u015bniej terminach, na podstawie podpisanych um\u00f3w. <\/p>\n","protected":false},"excerpt":{"rendered":"<p>Wsparcie informatyczne dla Ciebie i Twoich pracownik\u00f3w\u00a0&#8211; Szybko, tanio i profesjonalnie. Bardzo szeroki zakres us\u0142ug &#8211; od drobnych usterek do du\u017cych projekt\u00f3w rozwi\u0105za\u0144 informatycznych. Celem naszej firmy jest wspieranie i pomoc u\u017cytkownikom w ich codziennych problemach zwi\u0105zanych z infrastruktur\u0105 informatyczn\u0105 oraz zapewnieniu sprawnego jej funkcjonowania. Zakres: Sta\u0142a oraz dora\u017ana obs\u0142uga informatyczna, outsourcing IT Projektowanie i [&hellip;]<\/p>\n","protected":false},"author":2,"featured_media":0,"parent":0,"menu_order":0,"comment_status":"closed","ping_status":"closed","template":"","meta":{"footnotes":""},"class_list":["post-2","page","type-page","status-publish","hentry"],"jetpack_sharing_enabled":true,"amp_enabled":false,"_links":{"self":[{"href":"https:\/\/skbit.pl\/index.php\/wp-json\/wp\/v2\/pages\/2","targetHints":{"allow":["GET"]}}],"collection":[{"href":"https:\/\/skbit.pl\/index.php\/wp-json\/wp\/v2\/pages"}],"about":[{"href":"https:\/\/skbit.pl\/index.php\/wp-json\/wp\/v2\/types\/page"}],"author":[{"embeddable":true,"href":"https:\/\/skbit.pl\/index.php\/wp-json\/wp\/v2\/users\/2"}],"replies":[{"embeddable":true,"href":"https:\/\/skbit.pl\/index.php\/wp-json\/wp\/v2\/comments?post=2"}],"version-history":[{"count":4,"href":"https:\/\/skbit.pl\/index.php\/wp-json\/wp\/v2\/pages\/2\/revisions"}],"predecessor-version":[{"id":126,"href":"https:\/\/skbit.pl\/index.php\/wp-json\/wp\/v2\/pages\/2\/revisions\/126"}],"wp:attachment":[{"href":"https:\/\/skbit.pl\/index.php\/wp-json\/wp\/v2\/media?parent=2"}],"curies":[{"name":"wp","href":"https:\/\/api.w.org\/{rel}","templated":true}]}}