{"id":19,"date":"2019-06-20T20:12:51","date_gmt":"2019-06-20T19:12:51","guid":{"rendered":"https:\/\/skbit.pl\/?page_id=19"},"modified":"2022-01-18T14:45:04","modified_gmt":"2022-01-18T13:45:04","slug":"systemy-serwerowe","status":"publish","type":"page","link":"https:\/\/skbit.pl\/index.php\/systemy-serwerowe\/","title":{"rendered":"SYSTEMY SERWEROWE"},"content":{"rendered":"\n<p><strong>Administracja serwer\u00f3w<\/strong><br> Nasza oferta obejmuje administracje serwer\u00f3w Windows. Administracja wykonujemy zdalnie lub w siedzibie klienta. Zdalna administracja serwer\u00f3w z wykorzystaniem szyfrowanego \u0142\u0105cza VPN lub RDP Administracja serwer\u00f3w w siedzibie klienta Typowe zadania realizowane przez administratora: Monitoring wydajno\u015bci oraz stabilno\u015bci Weryfikacja kopii zapasowej Weryfikacja stanu us\u0142ug Weryfikacja dziennika zdarze\u0144 Aktualizacja poprawek i pakiet\u00f3w Service Pack Tworzenie i weryfikacja zaplanowanych zada\u0144 Zarz\u0105dzanie grupami i kontami u\u017cytkownik\u00f3w<\/p>\n\n\n\n<hr class=\"wp-block-separator\"\/>\n\n\n\n<p><strong>Naprawa, serwis serwer\u00f3w<\/strong><br> Zajmujemy si\u0119 r\u00f3wnie\u017c serwisowaniem system\u00f3w serwerowych w siedzibie klienta, obs\u0142ug\u0105 gwarancyjn\u0105 i pogwarancyjn\u0105. Doradztwo i pomoc w usuwaniu awarii oraz przywracaniu do pracy us\u0142ug \u015bwiadczonych przez serwery. Diagnostyka (diagnostyka pami\u0119ci, podsystem\u00f3w dyskowych, macierzy RAID, itp.) i naprawa serwer\u00f3w \u0142\u0105czenie z dostarczeniem i wymiana uszkodzonych podzespo\u0142\u00f3w Przywracanie do pracy serwer\u00f3w po awarii systemu operacyjnego (Naprawa uszkodzonych partycji systemowych, wolumin\u00f3w roz\u0142o\u017conych lub dublowanych &#8211; RAID, itp) Przywracanie do pracy poszczeg\u00f3lnych us\u0142ug serwera Doradztwo w zakresie tworzenia oraz konfiguracji us\u0142ug pozwalaj\u0105cych na przywracanie serwer\u00f3w po awarii<\/p>\n\n\n\n<hr class=\"wp-block-separator\"\/>\n\n\n\n<p><strong>Sprzeda\u017c serwer\u00f3w, projektowanie, monta\u017c serwer\u00f3w wg specyfikacji klienta<\/strong><br> Nasza firma zajmuj\u0119 si\u0119 sprzeda\u017c\u0105 i dostaw\u0105 serwer\u00f3w, rozbudow\u0105 i modernizacj\u0105 istniej\u0105cych ju\u017c system\u00f3w. Dostarczamy tak\u017ce licencje na poszczeg\u00f3lne produkty serwerowe Microsoft: Windows Server, Exchange, ISA Server, SQL Server, licencje terminalowe TS CAL, licencje dost\u0119pu klienta CAL. Posiadamy w ofercie wszystkie produkty Microsoft dost\u0119pne na rynku. Sprzeda\u017c serwer\u00f3w uznanych \u015bwiatowych marek (HP, DELL, IBM) jak i w\u0142asnych konstrukcji Profesjonalne doradztwo przy zakupie serwer\u00f3w w zale\u017cno\u015bci od \u015bwiadczonych us\u0142ug, analiza potrzeb klienta Doradztwo w zakresie zakupu licencji i zasad licencjonowania Systemy kopii zapasowych Zasilacze awaryjne UPS<\/p>\n\n\n\n<hr class=\"wp-block-separator\"\/>\n\n\n\n<p><strong>Wdra\u017canie, instalacja serwerowych system\u00f3w operacyjnych<\/strong><br> Dostarczamy, instalujemy, wdra\u017camy, doradzamy. Oferujemy pe\u0142en zakres us\u0142ug, aby u\u0142atwi\u0107 ci w pe\u0142ni wykorzysta\u0107 zakupion\u0105 platform\u0119 serwerow\u0105. Instalacja, reinstalacja serwerowych system\u00f3w operacyjnych Windows Server. Instalacja serwer\u00f3w firmy Novell Konfiguracja r\u00f3l i us\u0142ug<\/p>\n","protected":false},"excerpt":{"rendered":"<p>Administracja serwer\u00f3w Nasza oferta obejmuje administracje serwer\u00f3w Windows. Administracja wykonujemy zdalnie lub w siedzibie klienta. Zdalna administracja serwer\u00f3w z wykorzystaniem szyfrowanego \u0142\u0105cza VPN lub RDP Administracja serwer\u00f3w w siedzibie klienta Typowe zadania realizowane przez administratora: Monitoring wydajno\u015bci oraz stabilno\u015bci Weryfikacja kopii zapasowej Weryfikacja stanu us\u0142ug Weryfikacja dziennika zdarze\u0144 Aktualizacja poprawek i pakiet\u00f3w Service Pack Tworzenie [&hellip;]<\/p>\n","protected":false},"author":2,"featured_media":0,"parent":0,"menu_order":0,"comment_status":"closed","ping_status":"closed","template":"","meta":{"footnotes":""},"class_list":["post-19","page","type-page","status-publish","hentry"],"jetpack_sharing_enabled":true,"amp_enabled":true,"_links":{"self":[{"href":"https:\/\/skbit.pl\/index.php\/wp-json\/wp\/v2\/pages\/19","targetHints":{"allow":["GET"]}}],"collection":[{"href":"https:\/\/skbit.pl\/index.php\/wp-json\/wp\/v2\/pages"}],"about":[{"href":"https:\/\/skbit.pl\/index.php\/wp-json\/wp\/v2\/types\/page"}],"author":[{"embeddable":true,"href":"https:\/\/skbit.pl\/index.php\/wp-json\/wp\/v2\/users\/2"}],"replies":[{"embeddable":true,"href":"https:\/\/skbit.pl\/index.php\/wp-json\/wp\/v2\/comments?post=19"}],"version-history":[{"count":2,"href":"https:\/\/skbit.pl\/index.php\/wp-json\/wp\/v2\/pages\/19\/revisions"}],"predecessor-version":[{"id":166,"href":"https:\/\/skbit.pl\/index.php\/wp-json\/wp\/v2\/pages\/19\/revisions\/166"}],"wp:attachment":[{"href":"https:\/\/skbit.pl\/index.php\/wp-json\/wp\/v2\/media?parent=19"}],"curies":[{"name":"wp","href":"https:\/\/api.w.org\/{rel}","templated":true}]}}