{"id":15,"date":"2019-06-20T20:10:18","date_gmt":"2019-06-20T19:10:18","guid":{"rendered":"https:\/\/skbit.pl\/?page_id=15"},"modified":"2019-06-20T20:21:30","modified_gmt":"2019-06-20T19:21:30","slug":"specjalnosc-firmy","status":"publish","type":"page","link":"https:\/\/skbit.pl\/index.php\/specjalnosc-firmy\/","title":{"rendered":"SPECJALNO\u015a\u0106 FIRMY"},"content":{"rendered":"\n<p><strong>Oprogramowanie dla gabimet\u00f3w lekarskich, przychodni i szpitali.<\/strong><br> Mamy wieloletnie do\u015bwiadczenie w pracy z programami do obs\u0142ugi przychodni, szpitali i gabinet\u00f3w lekarskich. Zajmujemy si\u0119 kompleksowym przygotowaniem, instalacj\u0105 i konfiguracj\u0105 oprogramowania do wymiany informacji NFZ. Przygotowanie komputer\u00f3w i sieci. Konfiguracja pracy klient &#8211; serwer. Obs\u0142uga baz Firebird i Oracle. Konfiguracja program\u00f3w, przygotowanie do pracy. Szkolenie w zakresie wprowadzania danych. Pomoc w przygotowaniu raport\u00f3w wymiany i rejestracji um\u00f3w.<\/p>\n\n\n\n<hr class=\"wp-block-separator\"\/>\n\n\n\n<p><strong>Oprogramowanie dla szk\u00f3\u0142<\/strong><br> Firma specjalizuje si\u0119 w instalacji, konfiguracji program\u00f3w do zarz\u0105dzania i prowadzenie szk\u00f3\u0142. W swoim dorobku mamy instalacje system\u00f3w zarz\u0105dzania szko\u0142\u0105. Pocz\u0105wszy od sekretariatu uczniowskiego, poprzez dziennik elektroniczny, kadry, p\u0142ace, finanse, inwentaryzacj\u0119, sto\u0142\u00f3wk\u0119, magazyn, arkusz organizacyjny i plan lekcji. \u015awiadczymy us\u0142ugi w zakresie doradztwa, instalacji, konfiguracji i wdro\u017cenia ca\u0142ego systemu lub jego poszczeg\u00f3lnych element\u00f3w. Wykorzystujemy dost\u0119pne na rynku oprogramowanie modyfikowane do potrzep plac\u00f3wki.<\/p>\n\n\n\n<hr class=\"wp-block-separator\"\/>\n\n\n\n<p><strong>Oprogramowanie geodezyjne<\/strong><br> Specjalizujemy si\u0119 w instalacji, konfiguracji oprogramowania dla geodezji. Przygotowanie oprogramowania do pracy pod wzgl\u0119dem informatycznym. Instalacja oprogramowania. Tworzenie powi\u0105za\u0144 mi\u0119dzy programami. Tworzenie i konfigurowanie baz program\u00f3w. Ustawienia szablon\u00f3w wydruku i konwersji.<\/p>\n\n\n\n<hr class=\"wp-block-separator\"\/>\n\n\n\n<p><strong>Oprogramowanie ksi\u0119gowe, p\u0142acowe i finansowe.<\/strong><br> Przygotowanie, konfigurowanie, doradztwo, instalacja oprogramowania finansowego, ksi\u0119gowego, p\u0142acowego w firmie. Tworzenie systemu w firmie lub biurze rachunkowym. Modernizacja istniej\u0105cych system\u00f3w. Pomoc w przygotowaniu oprogramowania do pracy. Konfigurowanie wymiany mi\u0119dzy elementami system\u00f3w i mi\u0119dzy programami.<\/p>\n","protected":false},"excerpt":{"rendered":"<p>Oprogramowanie dla gabimet\u00f3w lekarskich, przychodni i szpitali. Mamy wieloletnie do\u015bwiadczenie w pracy z programami do obs\u0142ugi przychodni, szpitali i gabinet\u00f3w lekarskich. Zajmujemy si\u0119 kompleksowym przygotowaniem, instalacj\u0105 i konfiguracj\u0105 oprogramowania do wymiany informacji NFZ. Przygotowanie komputer\u00f3w i sieci. Konfiguracja pracy klient &#8211; serwer. Obs\u0142uga baz Firebird i Oracle. Konfiguracja program\u00f3w, przygotowanie do pracy. Szkolenie w zakresie [&hellip;]<\/p>\n","protected":false},"author":2,"featured_media":0,"parent":0,"menu_order":0,"comment_status":"closed","ping_status":"closed","template":"page-template\/page-with-left-sidebar.php","meta":{"footnotes":""},"class_list":["post-15","page","type-page","status-publish","hentry"],"jetpack_sharing_enabled":true,"amp_enabled":false,"_links":{"self":[{"href":"https:\/\/skbit.pl\/index.php\/wp-json\/wp\/v2\/pages\/15","targetHints":{"allow":["GET"]}}],"collection":[{"href":"https:\/\/skbit.pl\/index.php\/wp-json\/wp\/v2\/pages"}],"about":[{"href":"https:\/\/skbit.pl\/index.php\/wp-json\/wp\/v2\/types\/page"}],"author":[{"embeddable":true,"href":"https:\/\/skbit.pl\/index.php\/wp-json\/wp\/v2\/users\/2"}],"replies":[{"embeddable":true,"href":"https:\/\/skbit.pl\/index.php\/wp-json\/wp\/v2\/comments?post=15"}],"version-history":[{"count":1,"href":"https:\/\/skbit.pl\/index.php\/wp-json\/wp\/v2\/pages\/15\/revisions"}],"predecessor-version":[{"id":16,"href":"https:\/\/skbit.pl\/index.php\/wp-json\/wp\/v2\/pages\/15\/revisions\/16"}],"wp:attachment":[{"href":"https:\/\/skbit.pl\/index.php\/wp-json\/wp\/v2\/media?parent=15"}],"curies":[{"name":"wp","href":"https:\/\/api.w.org\/{rel}","templated":true}]}}